{"id":385,"date":"2025-08-19T15:00:01","date_gmt":"2025-08-19T12:00:01","guid":{"rendered":"http:\/\/staging.plazacubes.com\/en\/?page_id=385"},"modified":"2025-12-09T11:39:49","modified_gmt":"2025-12-09T08:39:49","slug":"almanya","status":"publish","type":"page","link":"https:\/\/staging.plazacubes.com\/en\/almanya\/","title":{"rendered":"Almanya"},"content":{"rendered":"\t\t<div data-elementor-type=\"wp-page\" data-elementor-id=\"385\" class=\"elementor elementor-385\">\n\t\t\t\t<div class=\"elementor-element elementor-element-335fed2 e-flex e-con-boxed e-con e-parent\" data-id=\"335fed2\" data-element_type=\"container\" data-e-type=\"container\">\n\t\t\t\t\t<div class=\"e-con-inner\">\n\t\t\t\t<div class=\"elementor-element elementor-element-f4b973d elementor-widget elementor-widget-heading\" data-id=\"f4b973d\" data-element_type=\"widget\" data-e-type=\"widget\" data-widget_type=\"heading.default\">\n\t\t\t\t\t<h2 class=\"elementor-heading-title elementor-size-default\">Almanya<\/h2>\t\t\t\t<\/div>\n\t\t\t\t<div class=\"elementor-element elementor-element-c8e77d9 elementor-widget elementor-widget-text-editor\" data-id=\"c8e77d9\" data-element_type=\"widget\" data-e-type=\"widget\" data-widget_type=\"text-editor.default\">\n\t\t\t\t\t\t\t\t\t<p>Plaza Cubes D\u00fcsseldorf H19 Lokasyonu ile Almanya\u2019n\u0131n Kalbindeyiz!<\/p><p>D\u00fcsseldorf\u2019un modern y\u00fcz\u00fc Hammer Stra\u00dfe 19\u2019da konumlanan Plaza Cubes ofisimiz, \u015fehrin tarihi dokusu ile \u00e7a\u011fda\u015f mimarisini bir araya getiriyor. Ren Nehri\u2019nin kalbinde yer alan bu lokasyon, hem Almanya\u2019n\u0131n en g\u00fc\u00e7l\u00fc i\u015f ve ekonomi merkezlerinden birinde yer alman\u0131z\u0131 hem de sosyal ya\u015fam\u0131n i\u00e7inde kalman\u0131z\u0131 sa\u011fl\u0131yor.<\/p><p>Avrupa\u2019n\u0131n \u00f6nde gelen k\u00fclt\u00fcr, fuar ve i\u015f etkinliklerinin merkezi olan D\u00fcsseldorf\u2019ta; coworking alanlar\u0131, sabit masa \u00e7\u00f6z\u00fcmleri, toplant\u0131 odalar\u0131 ve tam donan\u0131ml\u0131 ofis alanlar\u0131m\u0131zla size esnek \u00e7al\u0131\u015fma imkanlar\u0131 sunuyoruz.<\/p><p>H19 binas\u0131, Radisson Blu Media Harbour oteli, restoranlar ve f\u0131r\u0131nlar gibi sosyal olanaklara kom\u015fu konumu sayesinde hem sizin hem de misafirleriniz i\u00e7in ayr\u0131cal\u0131kl\u0131 bir deneyim sunar.<\/p><p>Plaza Cubes D\u00fcsseldorf H19 ile i\u015finizi Almanya\u2019da b\u00fcy\u00fct\u00fcn!<\/p>\t\t\t\t\t\t\t\t<\/div>\n\t\t\t\t\t<\/div>\n\t\t\t\t<\/div>\n\t\t<div class=\"elementor-element elementor-element-fe65896 e-flex e-con-boxed e-con e-parent\" data-id=\"fe65896\" data-element_type=\"container\" data-e-type=\"container\">\n\t\t\t\t\t<div class=\"e-con-inner\">\n\t\t\t\t<div class=\"elementor-element elementor-element-aa65f07 elementor-widget elementor-widget-text-editor\" data-id=\"aa65f07\" data-element_type=\"widget\" data-e-type=\"widget\" data-widget_type=\"text-editor.default\">\n\t\t\t\t\t\t\t\t\t<p><\/p><style>\r\n\t#wpsl-stores, #wpsl-direction-details, #wpsl-gmap {height:350px !important;}\r\n\t#wpsl-gmap .wpsl-info-window {max-width:225px !important;}\r\n\t.wpsl-input label, #wpsl-radius label, #wpsl-category label {width:95px;}\r\n\t#wpsl-search-input  {width:179px;}\r\n<\/style>\r\n<div id=\"wpsl-wrap\">\r\n\t<div class=\"wpsl-search wpsl-clearfix wpsl-no-filters\">\r\n\t\t<div id=\"wpsl-search-wrap\">\r\n\t\t\t<form autocomplete=\"off\">\r\n\t\t\t<div class=\"wpsl-input\">\r\n\t\t\t\t<div><label for=\"wpsl-search-input\">Your location<\/label><\/div>\r\n\t\t\t\t<input id=\"wpsl-search-input\" type=\"text\" value=\"\" name=\"wpsl-search-input\" placeholder=\"\" aria-required=\"true\" \/>\r\n\t\t\t<\/div>\r\n\t\t\t\t<div class=\"wpsl-search-btn-wrap\"><input id=\"wpsl-search-btn\" type=\"submit\" value=\"Search\"><\/div>\r\n\t\t<\/form>\r\n\t\t<\/div>\r\n\t<\/div>\r\n\t<div id=\"wpsl-gmap\" class=\"wpsl-gmap-canvas\"><\/div>\r\n\t<div id=\"wpsl-result-list\">\r\n\t\t<div id=\"wpsl-stores\" >\r\n\t\t\t<ul><\/ul>\r\n\t\t<\/div>\r\n\t\t<div id=\"wpsl-direction-details\">\r\n\t\t\t<ul><\/ul>\r\n\t\t<\/div>\r\n\t<\/div>\r\n<\/div>\r\n<p><\/p>\t\t\t\t\t\t\t\t<\/div>\n\t\t\t\t\t<\/div>\n\t\t\t\t<\/div>\n\t\t\t\t<\/div>\n\t\t","protected":false},"excerpt":{"rendered":"<p>Almanya Plaza Cubes D\u00fcsseldorf H19 Lokasyonu ile Almanya\u2019n\u0131n Kalbindeyiz! D\u00fcsseldorf\u2019un modern y\u00fcz\u00fc Hammer Stra\u00dfe 19\u2019da konumlanan Plaza Cubes ofisimiz, \u015fehrin [&hellip;]<\/p>\n","protected":false},"author":1,"featured_media":0,"parent":0,"menu_order":0,"comment_status":"closed","ping_status":"closed","template":"","meta":{"_uag_custom_page_level_css":"","site-sidebar-layout":"no-sidebar","site-content-layout":"","ast-site-content-layout":"full-width-container","site-content-style":"default","site-sidebar-style":"default","ast-global-header-display":"","ast-banner-title-visibility":"","ast-main-header-display":"","ast-hfb-above-header-display":"","ast-hfb-below-header-display":"","ast-hfb-mobile-header-display":"","site-post-title":"disabled","ast-breadcrumbs-content":"","ast-featured-img":"disabled","footer-sml-layout":"","ast-disable-related-posts":"","theme-transparent-header-meta":"","adv-header-id-meta":"","stick-header-meta":"","header-above-stick-meta":"","header-main-stick-meta":"","header-below-stick-meta":"","astra-migrate-meta-layouts":"default","ast-page-background-enabled":"default","ast-page-background-meta":{"desktop":{"background-color":"var(--ast-global-color-5)","background-image":"","background-repeat":"repeat","background-position":"center center","background-size":"auto","background-attachment":"scroll","background-type":"","background-media":"","overlay-type":"","overlay-color":"","overlay-opacity":"","overlay-gradient":""},"tablet":{"background-color":"","background-image":"","background-repeat":"repeat","background-position":"center center","background-size":"auto","background-attachment":"scroll","background-type":"","background-media":"","overlay-type":"","overlay-color":"","overlay-opacity":"","overlay-gradient":""},"mobile":{"background-color":"","background-image":"","background-repeat":"repeat","background-position":"center center","background-size":"auto","background-attachment":"scroll","background-type":"","background-media":"","overlay-type":"","overlay-color":"","overlay-opacity":"","overlay-gradient":""}},"ast-content-background-meta":{"desktop":{"background-color":"var(--ast-global-color-4)","background-image":"","background-repeat":"repeat","background-position":"center center","background-size":"auto","background-attachment":"scroll","background-type":"","background-media":"","overlay-type":"","overlay-color":"","overlay-opacity":"","overlay-gradient":""},"tablet":{"background-color":"var(--ast-global-color-4)","background-image":"","background-repeat":"repeat","background-position":"center center","background-size":"auto","background-attachment":"scroll","background-type":"","background-media":"","overlay-type":"","overlay-color":"","overlay-opacity":"","overlay-gradient":""},"mobile":{"background-color":"var(--ast-global-color-4)","background-image":"","background-repeat":"repeat","background-position":"center center","background-size":"auto","background-attachment":"scroll","background-type":"","background-media":"","overlay-type":"","overlay-color":"","overlay-opacity":"","overlay-gradient":""}},"footnotes":""},"class_list":["post-385","page","type-page","status-publish","hentry"],"yoast_head":"<!-- This site is optimized with the Yoast SEO plugin v27.0 - https:\/\/yoast.com\/product\/yoast-seo-wordpress\/ -->\n<title>Almanya - Plazacubes EN<\/title>\n<meta name=\"robots\" content=\"noindex, follow, max-snippet:-1, max-image-preview:large, max-video-preview:-1\" \/>\n<meta property=\"og:locale\" content=\"tr_TR\" \/>\n<meta property=\"og:type\" content=\"article\" \/>\n<meta property=\"og:title\" content=\"Almanya - Plazacubes EN\" \/>\n<meta property=\"og:description\" content=\"Almanya Plaza Cubes D\u00fcsseldorf H19 Lokasyonu ile Almanya\u2019n\u0131n Kalbindeyiz! D\u00fcsseldorf\u2019un modern y\u00fcz\u00fc Hammer Stra\u00dfe 19\u2019da konumlanan Plaza Cubes ofisimiz, \u015fehrin [&hellip;]\" \/>\n<meta property=\"og:url\" content=\"https:\/\/staging.plazacubes.com\/en\/almanya\/\" \/>\n<meta property=\"og:site_name\" content=\"Plazacubes EN\" \/>\n<meta property=\"article:modified_time\" content=\"2025-12-09T08:39:49+00:00\" \/>\n<meta name=\"twitter:card\" content=\"summary_large_image\" \/>\n<meta name=\"twitter:label1\" content=\"Tahmini okuma s\u00fcresi\" \/>\n\t<meta name=\"twitter:data1\" content=\"1 dakika\" \/>\n<script type=\"application\/ld+json\" class=\"yoast-schema-graph\">{\"@context\":\"https:\/\/schema.org\",\"@graph\":[{\"@type\":\"WebPage\",\"@id\":\"https:\/\/staging.plazacubes.com\/en\/almanya\/\",\"url\":\"https:\/\/staging.plazacubes.com\/en\/almanya\/\",\"name\":\"Almanya - Plazacubes EN\",\"isPartOf\":{\"@id\":\"https:\/\/staging.plazacubes.com\/en\/#website\"},\"datePublished\":\"2025-08-19T12:00:01+00:00\",\"dateModified\":\"2025-12-09T08:39:49+00:00\",\"breadcrumb\":{\"@id\":\"https:\/\/staging.plazacubes.com\/en\/almanya\/#breadcrumb\"},\"inLanguage\":\"tr\",\"potentialAction\":[{\"@type\":\"ReadAction\",\"target\":[\"https:\/\/staging.plazacubes.com\/en\/almanya\/\"]}]},{\"@type\":\"BreadcrumbList\",\"@id\":\"https:\/\/staging.plazacubes.com\/en\/almanya\/#breadcrumb\",\"itemListElement\":[{\"@type\":\"ListItem\",\"position\":1,\"name\":\"Anasayfa\",\"item\":\"https:\/\/staging.plazacubes.com\/en\/\"},{\"@type\":\"ListItem\",\"position\":2,\"name\":\"Almanya\"}]},{\"@type\":\"WebSite\",\"@id\":\"https:\/\/staging.plazacubes.com\/en\/#website\",\"url\":\"https:\/\/staging.plazacubes.com\/en\/\",\"name\":\"Plazacubes EN\",\"description\":\"\",\"publisher\":{\"@id\":\"https:\/\/staging.plazacubes.com\/en\/#organization\"},\"potentialAction\":[{\"@type\":\"SearchAction\",\"target\":{\"@type\":\"EntryPoint\",\"urlTemplate\":\"https:\/\/staging.plazacubes.com\/en\/?s={search_term_string}\"},\"query-input\":{\"@type\":\"PropertyValueSpecification\",\"valueRequired\":true,\"valueName\":\"search_term_string\"}}],\"inLanguage\":\"tr\"},{\"@type\":\"Organization\",\"@id\":\"https:\/\/staging.plazacubes.com\/en\/#organization\",\"name\":\"Plazacubes EN\",\"url\":\"https:\/\/staging.plazacubes.com\/en\/\",\"logo\":{\"@type\":\"ImageObject\",\"inLanguage\":\"tr\",\"@id\":\"https:\/\/staging.plazacubes.com\/en\/#\/schema\/logo\/image\/\",\"url\":\"https:\/\/staging.plazacubes.com\/en\/wp-content\/uploads\/sites\/2\/2026\/02\/cropped-PC-20.Yil-Seffaf-Arka-Plan.png\",\"contentUrl\":\"https:\/\/staging.plazacubes.com\/en\/wp-content\/uploads\/sites\/2\/2026\/02\/cropped-PC-20.Yil-Seffaf-Arka-Plan.png\",\"width\":1632,\"height\":311,\"caption\":\"Plazacubes EN\"},\"image\":{\"@id\":\"https:\/\/staging.plazacubes.com\/en\/#\/schema\/logo\/image\/\"}}]}<\/script>\n<!-- \/ Yoast SEO plugin. -->","yoast_head_json":{"title":"Almanya - Plazacubes EN","robots":{"index":"noindex","follow":"follow","max-snippet":"max-snippet:-1","max-image-preview":"max-image-preview:large","max-video-preview":"max-video-preview:-1"},"og_locale":"tr_TR","og_type":"article","og_title":"Almanya - Plazacubes EN","og_description":"Almanya Plaza Cubes D\u00fcsseldorf H19 Lokasyonu ile Almanya\u2019n\u0131n Kalbindeyiz! D\u00fcsseldorf\u2019un modern y\u00fcz\u00fc Hammer Stra\u00dfe 19\u2019da konumlanan Plaza Cubes ofisimiz, \u015fehrin [&hellip;]","og_url":"https:\/\/staging.plazacubes.com\/en\/almanya\/","og_site_name":"Plazacubes EN","article_modified_time":"2025-12-09T08:39:49+00:00","twitter_card":"summary_large_image","twitter_misc":{"Tahmini okuma s\u00fcresi":"1 dakika"},"schema":{"@context":"https:\/\/schema.org","@graph":[{"@type":"WebPage","@id":"https:\/\/staging.plazacubes.com\/en\/almanya\/","url":"https:\/\/staging.plazacubes.com\/en\/almanya\/","name":"Almanya - Plazacubes EN","isPartOf":{"@id":"https:\/\/staging.plazacubes.com\/en\/#website"},"datePublished":"2025-08-19T12:00:01+00:00","dateModified":"2025-12-09T08:39:49+00:00","breadcrumb":{"@id":"https:\/\/staging.plazacubes.com\/en\/almanya\/#breadcrumb"},"inLanguage":"tr","potentialAction":[{"@type":"ReadAction","target":["https:\/\/staging.plazacubes.com\/en\/almanya\/"]}]},{"@type":"BreadcrumbList","@id":"https:\/\/staging.plazacubes.com\/en\/almanya\/#breadcrumb","itemListElement":[{"@type":"ListItem","position":1,"name":"Anasayfa","item":"https:\/\/staging.plazacubes.com\/en\/"},{"@type":"ListItem","position":2,"name":"Almanya"}]},{"@type":"WebSite","@id":"https:\/\/staging.plazacubes.com\/en\/#website","url":"https:\/\/staging.plazacubes.com\/en\/","name":"Plazacubes EN","description":"","publisher":{"@id":"https:\/\/staging.plazacubes.com\/en\/#organization"},"potentialAction":[{"@type":"SearchAction","target":{"@type":"EntryPoint","urlTemplate":"https:\/\/staging.plazacubes.com\/en\/?s={search_term_string}"},"query-input":{"@type":"PropertyValueSpecification","valueRequired":true,"valueName":"search_term_string"}}],"inLanguage":"tr"},{"@type":"Organization","@id":"https:\/\/staging.plazacubes.com\/en\/#organization","name":"Plazacubes EN","url":"https:\/\/staging.plazacubes.com\/en\/","logo":{"@type":"ImageObject","inLanguage":"tr","@id":"https:\/\/staging.plazacubes.com\/en\/#\/schema\/logo\/image\/","url":"https:\/\/staging.plazacubes.com\/en\/wp-content\/uploads\/sites\/2\/2026\/02\/cropped-PC-20.Yil-Seffaf-Arka-Plan.png","contentUrl":"https:\/\/staging.plazacubes.com\/en\/wp-content\/uploads\/sites\/2\/2026\/02\/cropped-PC-20.Yil-Seffaf-Arka-Plan.png","width":1632,"height":311,"caption":"Plazacubes EN"},"image":{"@id":"https:\/\/staging.plazacubes.com\/en\/#\/schema\/logo\/image\/"}}]}},"uagb_featured_image_src":{"full":false,"thumbnail":false,"medium":false,"medium_large":false,"large":false,"1536x1536":false,"2048x2048":false},"uagb_author_info":{"display_name":"PlazaPanelCubes","author_link":"https:\/\/staging.plazacubes.com\/en\/blog\/author\/plazapanelcubes\/"},"uagb_comment_info":0,"uagb_excerpt":"Almanya Plaza Cubes D\u00fcsseldorf H19 Lokasyonu ile Almanya\u2019n\u0131n Kalbindeyiz! D\u00fcsseldorf\u2019un modern y\u00fcz\u00fc Hammer Stra\u00dfe 19\u2019da konumlanan Plaza Cubes ofisimiz, \u015fehrin [&hellip;]","_links":{"self":[{"href":"https:\/\/staging.plazacubes.com\/en\/wp-json\/wp\/v2\/pages\/385","targetHints":{"allow":["GET"]}}],"collection":[{"href":"https:\/\/staging.plazacubes.com\/en\/wp-json\/wp\/v2\/pages"}],"about":[{"href":"https:\/\/staging.plazacubes.com\/en\/wp-json\/wp\/v2\/types\/page"}],"author":[{"embeddable":true,"href":"https:\/\/staging.plazacubes.com\/en\/wp-json\/wp\/v2\/users\/1"}],"replies":[{"embeddable":true,"href":"https:\/\/staging.plazacubes.com\/en\/wp-json\/wp\/v2\/comments?post=385"}],"version-history":[{"count":19,"href":"https:\/\/staging.plazacubes.com\/en\/wp-json\/wp\/v2\/pages\/385\/revisions"}],"predecessor-version":[{"id":2518,"href":"https:\/\/staging.plazacubes.com\/en\/wp-json\/wp\/v2\/pages\/385\/revisions\/2518"}],"wp:attachment":[{"href":"https:\/\/staging.plazacubes.com\/en\/wp-json\/wp\/v2\/media?parent=385"}],"curies":[{"name":"wp","href":"https:\/\/api.w.org\/{rel}","templated":true}]}}