{"id":383,"date":"2025-08-19T14:57:51","date_gmt":"2025-08-19T11:57:51","guid":{"rendered":"http:\/\/staging.plazacubes.com\/en\/?page_id=383"},"modified":"2025-12-09T11:54:22","modified_gmt":"2025-12-09T08:54:22","slug":"izmir","status":"publish","type":"page","link":"https:\/\/staging.plazacubes.com\/en\/izmir\/","title":{"rendered":"\u0130zmir"},"content":{"rendered":"\t\t<div data-elementor-type=\"wp-page\" data-elementor-id=\"383\" class=\"elementor elementor-383\">\n\t\t\t\t<div class=\"elementor-element elementor-element-b140a6b e-flex e-con-boxed e-con e-parent\" data-id=\"b140a6b\" data-element_type=\"container\" data-e-type=\"container\">\n\t\t\t\t\t<div class=\"e-con-inner\">\n\t\t\t\t<div class=\"elementor-element elementor-element-aead659 elementor-widget elementor-widget-heading\" data-id=\"aead659\" data-element_type=\"widget\" data-e-type=\"widget\" data-widget_type=\"heading.default\">\n\t\t\t\t\t<h2 class=\"elementor-heading-title elementor-size-default\">\u0130zmir<\/h2>\t\t\t\t<\/div>\n\t\t\t\t<div class=\"elementor-element elementor-element-f92117f elementor-widget elementor-widget-text-editor\" data-id=\"f92117f\" data-element_type=\"widget\" data-e-type=\"widget\" data-widget_type=\"text-editor.default\">\n\t\t\t\t\t\t\t\t\t<p>\u0130zmir Mistral\u2019de Prestijli Ofis \u00c7\u00f6z\u00fcmleri<\/p>\n<p>\u0130zmir Bayrakl\u0131\u2019n\u0131n kalbinde, \u015fehrin ana arterlerine y\u00fcr\u00fcme mesafesinde yer alan Plaza Cubes Mistral, i\u015finizi prestijli ve verimli bir ortamda y\u00f6netmeniz i\u00e7in sizi bekliyor. Alt\u0131nyol, Anadolu Caddesi, Ankara Caddesi gibi ana ula\u015f\u0131m yollar\u0131na yak\u0131n konumu sayesinde hem \u00e7al\u0131\u015fanlar\u0131n\u0131z hem misafirleriniz i\u00e7in ideal eri\u015fim imkan\u0131 sunar.<\/p>\n<p>Haz\u0131r Ofis, Sanal Ofis, Payla\u015f\u0131ml\u0131 Ofis, Sabit Masa ve Toplant\u0131 Odas\u0131 se\u00e7enekleri ile her ihtiyaca uygun \u00e7\u00f6z\u00fcmler sunuyoruz.<\/p>\n<p>&#8211; Masraflar\u0131 d\u00fc\u015f\u00fcnmeden sadece i\u015finize odaklan\u0131n<br \/>&#8211; G\u00fcnl\u00fck, haftal\u0131k, ayl\u0131k ya da y\u0131ll\u0131k esnek kiralama opsiyonlar\u0131<br \/>&#8211; \u015eehrin en prestijli ofis kulelerinden birinde yer al\u0131n\n<br>&#8211; Havaalan\u0131na 20 km<br \/>&#8211; Vapur iskelesine 5 km<\/p>\n<p>Hemen ileti\u015fim formumuzu doldurun, sizi arayal\u0131m!<\/p>\t\t\t\t\t\t\t\t<\/div>\n\t\t\t\t\t<\/div>\n\t\t\t\t<\/div>\n\t\t<div class=\"elementor-element elementor-element-3f90351 e-flex e-con-boxed e-con e-parent\" data-id=\"3f90351\" data-element_type=\"container\" data-e-type=\"container\">\n\t\t\t\t\t<div class=\"e-con-inner\">\n\t\t\t\t<div class=\"elementor-element elementor-element-4b037d20 elementor-widget elementor-widget-text-editor\" data-id=\"4b037d20\" data-element_type=\"widget\" data-e-type=\"widget\" data-widget_type=\"text-editor.default\">\n\t\t\t\t\t\t\t\t\t\n<style>\r\n\t#wpsl-stores, #wpsl-direction-details, #wpsl-gmap {height:350px !important;}\r\n\t#wpsl-gmap .wpsl-info-window {max-width:225px !important;}\r\n\t.wpsl-input label, #wpsl-radius label, #wpsl-category label {width:95px;}\r\n\t#wpsl-search-input  {width:179px;}\r\n<\/style>\r\n<div id=\"wpsl-wrap\">\r\n\t<div class=\"wpsl-search wpsl-clearfix wpsl-no-filters\">\r\n\t\t<div id=\"wpsl-search-wrap\">\r\n\t\t\t<form autocomplete=\"off\">\r\n\t\t\t<div class=\"wpsl-input\">\r\n\t\t\t\t<div><label for=\"wpsl-search-input\">Your location<\/label><\/div>\r\n\t\t\t\t<input id=\"wpsl-search-input\" type=\"text\" value=\"\" name=\"wpsl-search-input\" placeholder=\"\" aria-required=\"true\" \/>\r\n\t\t\t<\/div>\r\n\t\t\t\t<div class=\"wpsl-search-btn-wrap\"><input id=\"wpsl-search-btn\" type=\"submit\" value=\"Search\"><\/div>\r\n\t\t<\/form>\r\n\t\t<\/div>\r\n\t<\/div>\r\n\t<div id=\"wpsl-gmap\" class=\"wpsl-gmap-canvas\"><\/div>\r\n\t<div id=\"wpsl-result-list\">\r\n\t\t<div id=\"wpsl-stores\" >\r\n\t\t\t<ul><\/ul>\r\n\t\t<\/div>\r\n\t\t<div id=\"wpsl-direction-details\">\r\n\t\t\t<ul><\/ul>\r\n\t\t<\/div>\r\n\t<\/div>\r\n<\/div>\r\n\n\t\t\t\t\t\t\t\t<\/div>\n\t\t\t\t\t<\/div>\n\t\t\t\t<\/div>\n\t\t\t\t<\/div>\n\t\t","protected":false},"excerpt":{"rendered":"<p>\u0130zmir \u0130zmir Mistral\u2019de Prestijli Ofis \u00c7\u00f6z\u00fcmleri \u0130zmir Bayrakl\u0131\u2019n\u0131n kalbinde, \u015fehrin ana arterlerine y\u00fcr\u00fcme mesafesinde yer alan Plaza Cubes Mistral, i\u015finizi [&hellip;]<\/p>\n","protected":false},"author":1,"featured_media":0,"parent":0,"menu_order":0,"comment_status":"closed","ping_status":"closed","template":"","meta":{"_uag_custom_page_level_css":"","site-sidebar-layout":"default","site-content-layout":"","ast-site-content-layout":"default","site-content-style":"default","site-sidebar-style":"default","ast-global-header-display":"","ast-banner-title-visibility":"","ast-main-header-display":"","ast-hfb-above-header-display":"","ast-hfb-below-header-display":"","ast-hfb-mobile-header-display":"","site-post-title":"disabled","ast-breadcrumbs-content":"","ast-featured-img":"","footer-sml-layout":"","ast-disable-related-posts":"","theme-transparent-header-meta":"","adv-header-id-meta":"","stick-header-meta":"","header-above-stick-meta":"","header-main-stick-meta":"","header-below-stick-meta":"","astra-migrate-meta-layouts":"default","ast-page-background-enabled":"default","ast-page-background-meta":{"desktop":{"background-color":"var(--ast-global-color-5)","background-image":"","background-repeat":"repeat","background-position":"center center","background-size":"auto","background-attachment":"scroll","background-type":"","background-media":"","overlay-type":"","overlay-color":"","overlay-opacity":"","overlay-gradient":""},"tablet":{"background-color":"","background-image":"","background-repeat":"repeat","background-position":"center center","background-size":"auto","background-attachment":"scroll","background-type":"","background-media":"","overlay-type":"","overlay-color":"","overlay-opacity":"","overlay-gradient":""},"mobile":{"background-color":"","background-image":"","background-repeat":"repeat","background-position":"center center","background-size":"auto","background-attachment":"scroll","background-type":"","background-media":"","overlay-type":"","overlay-color":"","overlay-opacity":"","overlay-gradient":""}},"ast-content-background-meta":{"desktop":{"background-color":"var(--ast-global-color-4)","background-image":"","background-repeat":"repeat","background-position":"center center","background-size":"auto","background-attachment":"scroll","background-type":"","background-media":"","overlay-type":"","overlay-color":"","overlay-opacity":"","overlay-gradient":""},"tablet":{"background-color":"var(--ast-global-color-4)","background-image":"","background-repeat":"repeat","background-position":"center center","background-size":"auto","background-attachment":"scroll","background-type":"","background-media":"","overlay-type":"","overlay-color":"","overlay-opacity":"","overlay-gradient":""},"mobile":{"background-color":"var(--ast-global-color-4)","background-image":"","background-repeat":"repeat","background-position":"center center","background-size":"auto","background-attachment":"scroll","background-type":"","background-media":"","overlay-type":"","overlay-color":"","overlay-opacity":"","overlay-gradient":""}},"footnotes":""},"class_list":["post-383","page","type-page","status-publish","hentry"],"yoast_head":"<!-- This site is optimized with the Yoast SEO plugin v27.0 - https:\/\/yoast.com\/product\/yoast-seo-wordpress\/ -->\n<title>\u0130zmir - Plazacubes EN<\/title>\n<meta name=\"robots\" content=\"noindex, follow, max-snippet:-1, max-image-preview:large, max-video-preview:-1\" \/>\n<meta property=\"og:locale\" content=\"tr_TR\" \/>\n<meta property=\"og:type\" content=\"article\" \/>\n<meta property=\"og:title\" content=\"\u0130zmir - Plazacubes EN\" \/>\n<meta property=\"og:description\" content=\"\u0130zmir \u0130zmir Mistral\u2019de Prestijli Ofis \u00c7\u00f6z\u00fcmleri \u0130zmir Bayrakl\u0131\u2019n\u0131n kalbinde, \u015fehrin ana arterlerine y\u00fcr\u00fcme mesafesinde yer alan Plaza Cubes Mistral, i\u015finizi [&hellip;]\" \/>\n<meta property=\"og:url\" content=\"https:\/\/staging.plazacubes.com\/en\/izmir\/\" \/>\n<meta property=\"og:site_name\" content=\"Plazacubes EN\" \/>\n<meta property=\"article:modified_time\" content=\"2025-12-09T08:54:22+00:00\" \/>\n<meta name=\"twitter:card\" content=\"summary_large_image\" \/>\n<meta name=\"twitter:label1\" content=\"Tahmini okuma s\u00fcresi\" \/>\n\t<meta name=\"twitter:data1\" content=\"1 dakika\" \/>\n<script type=\"application\/ld+json\" class=\"yoast-schema-graph\">{\"@context\":\"https:\/\/schema.org\",\"@graph\":[{\"@type\":\"WebPage\",\"@id\":\"https:\/\/staging.plazacubes.com\/en\/izmir\/\",\"url\":\"https:\/\/staging.plazacubes.com\/en\/izmir\/\",\"name\":\"\u0130zmir - Plazacubes EN\",\"isPartOf\":{\"@id\":\"https:\/\/staging.plazacubes.com\/en\/#website\"},\"datePublished\":\"2025-08-19T11:57:51+00:00\",\"dateModified\":\"2025-12-09T08:54:22+00:00\",\"breadcrumb\":{\"@id\":\"https:\/\/staging.plazacubes.com\/en\/izmir\/#breadcrumb\"},\"inLanguage\":\"tr\",\"potentialAction\":[{\"@type\":\"ReadAction\",\"target\":[\"https:\/\/staging.plazacubes.com\/en\/izmir\/\"]}]},{\"@type\":\"BreadcrumbList\",\"@id\":\"https:\/\/staging.plazacubes.com\/en\/izmir\/#breadcrumb\",\"itemListElement\":[{\"@type\":\"ListItem\",\"position\":1,\"name\":\"Anasayfa\",\"item\":\"https:\/\/staging.plazacubes.com\/en\/\"},{\"@type\":\"ListItem\",\"position\":2,\"name\":\"\u0130zmir\"}]},{\"@type\":\"WebSite\",\"@id\":\"https:\/\/staging.plazacubes.com\/en\/#website\",\"url\":\"https:\/\/staging.plazacubes.com\/en\/\",\"name\":\"Plazacubes EN\",\"description\":\"\",\"publisher\":{\"@id\":\"https:\/\/staging.plazacubes.com\/en\/#organization\"},\"potentialAction\":[{\"@type\":\"SearchAction\",\"target\":{\"@type\":\"EntryPoint\",\"urlTemplate\":\"https:\/\/staging.plazacubes.com\/en\/?s={search_term_string}\"},\"query-input\":{\"@type\":\"PropertyValueSpecification\",\"valueRequired\":true,\"valueName\":\"search_term_string\"}}],\"inLanguage\":\"tr\"},{\"@type\":\"Organization\",\"@id\":\"https:\/\/staging.plazacubes.com\/en\/#organization\",\"name\":\"Plazacubes EN\",\"url\":\"https:\/\/staging.plazacubes.com\/en\/\",\"logo\":{\"@type\":\"ImageObject\",\"inLanguage\":\"tr\",\"@id\":\"https:\/\/staging.plazacubes.com\/en\/#\/schema\/logo\/image\/\",\"url\":\"https:\/\/staging.plazacubes.com\/en\/wp-content\/uploads\/sites\/2\/2026\/02\/cropped-PC-20.Yil-Seffaf-Arka-Plan.png\",\"contentUrl\":\"https:\/\/staging.plazacubes.com\/en\/wp-content\/uploads\/sites\/2\/2026\/02\/cropped-PC-20.Yil-Seffaf-Arka-Plan.png\",\"width\":1632,\"height\":311,\"caption\":\"Plazacubes EN\"},\"image\":{\"@id\":\"https:\/\/staging.plazacubes.com\/en\/#\/schema\/logo\/image\/\"}}]}<\/script>\n<!-- \/ Yoast SEO plugin. -->","yoast_head_json":{"title":"\u0130zmir - Plazacubes EN","robots":{"index":"noindex","follow":"follow","max-snippet":"max-snippet:-1","max-image-preview":"max-image-preview:large","max-video-preview":"max-video-preview:-1"},"og_locale":"tr_TR","og_type":"article","og_title":"\u0130zmir - Plazacubes EN","og_description":"\u0130zmir \u0130zmir Mistral\u2019de Prestijli Ofis \u00c7\u00f6z\u00fcmleri \u0130zmir Bayrakl\u0131\u2019n\u0131n kalbinde, \u015fehrin ana arterlerine y\u00fcr\u00fcme mesafesinde yer alan Plaza Cubes Mistral, i\u015finizi [&hellip;]","og_url":"https:\/\/staging.plazacubes.com\/en\/izmir\/","og_site_name":"Plazacubes EN","article_modified_time":"2025-12-09T08:54:22+00:00","twitter_card":"summary_large_image","twitter_misc":{"Tahmini okuma s\u00fcresi":"1 dakika"},"schema":{"@context":"https:\/\/schema.org","@graph":[{"@type":"WebPage","@id":"https:\/\/staging.plazacubes.com\/en\/izmir\/","url":"https:\/\/staging.plazacubes.com\/en\/izmir\/","name":"\u0130zmir - Plazacubes EN","isPartOf":{"@id":"https:\/\/staging.plazacubes.com\/en\/#website"},"datePublished":"2025-08-19T11:57:51+00:00","dateModified":"2025-12-09T08:54:22+00:00","breadcrumb":{"@id":"https:\/\/staging.plazacubes.com\/en\/izmir\/#breadcrumb"},"inLanguage":"tr","potentialAction":[{"@type":"ReadAction","target":["https:\/\/staging.plazacubes.com\/en\/izmir\/"]}]},{"@type":"BreadcrumbList","@id":"https:\/\/staging.plazacubes.com\/en\/izmir\/#breadcrumb","itemListElement":[{"@type":"ListItem","position":1,"name":"Anasayfa","item":"https:\/\/staging.plazacubes.com\/en\/"},{"@type":"ListItem","position":2,"name":"\u0130zmir"}]},{"@type":"WebSite","@id":"https:\/\/staging.plazacubes.com\/en\/#website","url":"https:\/\/staging.plazacubes.com\/en\/","name":"Plazacubes EN","description":"","publisher":{"@id":"https:\/\/staging.plazacubes.com\/en\/#organization"},"potentialAction":[{"@type":"SearchAction","target":{"@type":"EntryPoint","urlTemplate":"https:\/\/staging.plazacubes.com\/en\/?s={search_term_string}"},"query-input":{"@type":"PropertyValueSpecification","valueRequired":true,"valueName":"search_term_string"}}],"inLanguage":"tr"},{"@type":"Organization","@id":"https:\/\/staging.plazacubes.com\/en\/#organization","name":"Plazacubes EN","url":"https:\/\/staging.plazacubes.com\/en\/","logo":{"@type":"ImageObject","inLanguage":"tr","@id":"https:\/\/staging.plazacubes.com\/en\/#\/schema\/logo\/image\/","url":"https:\/\/staging.plazacubes.com\/en\/wp-content\/uploads\/sites\/2\/2026\/02\/cropped-PC-20.Yil-Seffaf-Arka-Plan.png","contentUrl":"https:\/\/staging.plazacubes.com\/en\/wp-content\/uploads\/sites\/2\/2026\/02\/cropped-PC-20.Yil-Seffaf-Arka-Plan.png","width":1632,"height":311,"caption":"Plazacubes EN"},"image":{"@id":"https:\/\/staging.plazacubes.com\/en\/#\/schema\/logo\/image\/"}}]}},"uagb_featured_image_src":{"full":false,"thumbnail":false,"medium":false,"medium_large":false,"large":false,"1536x1536":false,"2048x2048":false},"uagb_author_info":{"display_name":"PlazaPanelCubes","author_link":"https:\/\/staging.plazacubes.com\/en\/blog\/author\/plazapanelcubes\/"},"uagb_comment_info":0,"uagb_excerpt":"\u0130zmir \u0130zmir Mistral\u2019de Prestijli Ofis \u00c7\u00f6z\u00fcmleri \u0130zmir Bayrakl\u0131\u2019n\u0131n kalbinde, \u015fehrin ana arterlerine y\u00fcr\u00fcme mesafesinde yer alan Plaza Cubes Mistral, i\u015finizi [&hellip;]","_links":{"self":[{"href":"https:\/\/staging.plazacubes.com\/en\/wp-json\/wp\/v2\/pages\/383","targetHints":{"allow":["GET"]}}],"collection":[{"href":"https:\/\/staging.plazacubes.com\/en\/wp-json\/wp\/v2\/pages"}],"about":[{"href":"https:\/\/staging.plazacubes.com\/en\/wp-json\/wp\/v2\/types\/page"}],"author":[{"embeddable":true,"href":"https:\/\/staging.plazacubes.com\/en\/wp-json\/wp\/v2\/users\/1"}],"replies":[{"embeddable":true,"href":"https:\/\/staging.plazacubes.com\/en\/wp-json\/wp\/v2\/comments?post=383"}],"version-history":[{"count":14,"href":"https:\/\/staging.plazacubes.com\/en\/wp-json\/wp\/v2\/pages\/383\/revisions"}],"predecessor-version":[{"id":2579,"href":"https:\/\/staging.plazacubes.com\/en\/wp-json\/wp\/v2\/pages\/383\/revisions\/2579"}],"wp:attachment":[{"href":"https:\/\/staging.plazacubes.com\/en\/wp-json\/wp\/v2\/media?parent=383"}],"curies":[{"name":"wp","href":"https:\/\/api.w.org\/{rel}","templated":true}]}}