{"id":379,"date":"2025-08-19T14:57:11","date_gmt":"2025-08-19T11:57:11","guid":{"rendered":"http:\/\/staging.plazacubes.com\/en\/?page_id=379"},"modified":"2025-12-09T11:48:32","modified_gmt":"2025-12-09T08:48:32","slug":"istanbul-anadolu","status":"publish","type":"page","link":"https:\/\/staging.plazacubes.com\/en\/istanbul-anadolu\/","title":{"rendered":"\u0130stanbul Anadolu"},"content":{"rendered":"\t\t<div data-elementor-type=\"wp-page\" data-elementor-id=\"379\" class=\"elementor elementor-379\">\n\t\t\t\t<div class=\"elementor-element elementor-element-2b76238 e-flex e-con-boxed e-con e-parent\" data-id=\"2b76238\" data-element_type=\"container\" data-e-type=\"container\">\n\t\t\t\t\t<div class=\"e-con-inner\">\n\t\t\t\t<div class=\"elementor-element elementor-element-2327621 elementor-widget elementor-widget-heading\" data-id=\"2327621\" data-element_type=\"widget\" data-e-type=\"widget\" data-widget_type=\"heading.default\">\n\t\t\t\t\t<h2 class=\"elementor-heading-title elementor-size-default\">\u0130stanbul Anadolu<\/h2>\t\t\t\t<\/div>\n\t\t\t\t<div class=\"elementor-element elementor-element-ff16e60 elementor-widget elementor-widget-text-editor\" data-id=\"ff16e60\" data-element_type=\"widget\" data-e-type=\"widget\" data-widget_type=\"text-editor.default\">\n\t\t\t\t\t\t\t\t\t<p>\u0130stanbul Anadolu Yakas\u0131\u2019nda kiral\u0131k ofis mi ar\u0131yorsunuz? Modern ve pop\u00fcler plazalarda kiral\u0131k sanal ofis, g\u00fcnl\u00fck, haftal\u0131k, ayl\u0131k ve y\u0131ll\u0131k haz\u0131r ofisler, payla\u015f\u0131ml\u0131 ortak ofisler, sabit masa ve toplant\u0131 odas\u0131 se\u00e7eneklerimiz ile hizmetinizdeyiz. Siz de \u00dcmraniye, Kozyata\u011f\u0131, Ata\u015fehir gibi i\u015f d\u00fcnyas\u0131n\u0131n kalbinin att\u0131\u011f\u0131 Anadolu Yakas\u0131\u2019n\u0131n en merkezi lokasyonlar\u0131nda, uygun fiyatlara kiral\u0131k i\u015fyeri f\u0131rsat\u0131n\u0131 ka\u00e7\u0131rmak istemiyorsan\u0131z teklif formumuzu doldurun, sizi arayal\u0131m.<\/p>\t\t\t\t\t\t\t\t<\/div>\n\t\t\t\t\t<\/div>\n\t\t\t\t<\/div>\n\t\t<div class=\"elementor-element elementor-element-797a333d e-flex e-con-boxed e-con e-parent\" data-id=\"797a333d\" data-element_type=\"container\" data-e-type=\"container\">\n\t\t\t\t\t<div class=\"e-con-inner\">\n\t\t\t\t<div class=\"elementor-element elementor-element-711f3fb0 elementor-widget elementor-widget-text-editor\" data-id=\"711f3fb0\" data-element_type=\"widget\" data-e-type=\"widget\" data-widget_type=\"text-editor.default\">\n\t\t\t\t\t\t\t\t\t\n<style>\r\n\t#wpsl-stores, #wpsl-direction-details, #wpsl-gmap {height:350px !important;}\r\n\t#wpsl-gmap .wpsl-info-window {max-width:225px !important;}\r\n\t.wpsl-input label, #wpsl-radius label, #wpsl-category label {width:95px;}\r\n\t#wpsl-search-input  {width:179px;}\r\n<\/style>\r\n<div id=\"wpsl-wrap\">\r\n\t<div class=\"wpsl-search wpsl-clearfix wpsl-no-filters\">\r\n\t\t<div id=\"wpsl-search-wrap\">\r\n\t\t\t<form autocomplete=\"off\">\r\n\t\t\t<div class=\"wpsl-input\">\r\n\t\t\t\t<div><label for=\"wpsl-search-input\">Your location<\/label><\/div>\r\n\t\t\t\t<input id=\"wpsl-search-input\" type=\"text\" value=\"\" name=\"wpsl-search-input\" placeholder=\"\" aria-required=\"true\" \/>\r\n\t\t\t<\/div>\r\n\t\t\t\t<div class=\"wpsl-search-btn-wrap\"><input id=\"wpsl-search-btn\" type=\"submit\" value=\"Search\"><\/div>\r\n\t\t<\/form>\r\n\t\t<\/div>\r\n\t<\/div>\r\n\t<div id=\"wpsl-gmap\" class=\"wpsl-gmap-canvas\"><\/div>\r\n\t<div id=\"wpsl-result-list\">\r\n\t\t<div id=\"wpsl-stores\" >\r\n\t\t\t<ul><\/ul>\r\n\t\t<\/div>\r\n\t\t<div id=\"wpsl-direction-details\">\r\n\t\t\t<ul><\/ul>\r\n\t\t<\/div>\r\n\t<\/div>\r\n<\/div>\r\n\n\t\t\t\t\t\t\t\t<\/div>\n\t\t\t\t\t<\/div>\n\t\t\t\t<\/div>\n\t\t\t\t<\/div>\n\t\t","protected":false},"excerpt":{"rendered":"<p>\u0130stanbul Anadolu \u0130stanbul Anadolu Yakas\u0131\u2019nda kiral\u0131k ofis mi ar\u0131yorsunuz? Modern ve pop\u00fcler plazalarda kiral\u0131k sanal ofis, g\u00fcnl\u00fck, haftal\u0131k, ayl\u0131k ve [&hellip;]<\/p>\n","protected":false},"author":1,"featured_media":0,"parent":0,"menu_order":0,"comment_status":"closed","ping_status":"closed","template":"","meta":{"_uag_custom_page_level_css":"","site-sidebar-layout":"default","site-content-layout":"","ast-site-content-layout":"default","site-content-style":"default","site-sidebar-style":"default","ast-global-header-display":"","ast-banner-title-visibility":"","ast-main-header-display":"","ast-hfb-above-header-display":"","ast-hfb-below-header-display":"","ast-hfb-mobile-header-display":"","site-post-title":"disabled","ast-breadcrumbs-content":"","ast-featured-img":"","footer-sml-layout":"","ast-disable-related-posts":"","theme-transparent-header-meta":"","adv-header-id-meta":"","stick-header-meta":"","header-above-stick-meta":"","header-main-stick-meta":"","header-below-stick-meta":"","astra-migrate-meta-layouts":"default","ast-page-background-enabled":"default","ast-page-background-meta":{"desktop":{"background-color":"var(--ast-global-color-5)","background-image":"","background-repeat":"repeat","background-position":"center center","background-size":"auto","background-attachment":"scroll","background-type":"","background-media":"","overlay-type":"","overlay-color":"","overlay-opacity":"","overlay-gradient":""},"tablet":{"background-color":"","background-image":"","background-repeat":"repeat","background-position":"center center","background-size":"auto","background-attachment":"scroll","background-type":"","background-media":"","overlay-type":"","overlay-color":"","overlay-opacity":"","overlay-gradient":""},"mobile":{"background-color":"","background-image":"","background-repeat":"repeat","background-position":"center center","background-size":"auto","background-attachment":"scroll","background-type":"","background-media":"","overlay-type":"","overlay-color":"","overlay-opacity":"","overlay-gradient":""}},"ast-content-background-meta":{"desktop":{"background-color":"var(--ast-global-color-4)","background-image":"","background-repeat":"repeat","background-position":"center center","background-size":"auto","background-attachment":"scroll","background-type":"","background-media":"","overlay-type":"","overlay-color":"","overlay-opacity":"","overlay-gradient":""},"tablet":{"background-color":"var(--ast-global-color-4)","background-image":"","background-repeat":"repeat","background-position":"center center","background-size":"auto","background-attachment":"scroll","background-type":"","background-media":"","overlay-type":"","overlay-color":"","overlay-opacity":"","overlay-gradient":""},"mobile":{"background-color":"var(--ast-global-color-4)","background-image":"","background-repeat":"repeat","background-position":"center center","background-size":"auto","background-attachment":"scroll","background-type":"","background-media":"","overlay-type":"","overlay-color":"","overlay-opacity":"","overlay-gradient":""}},"footnotes":""},"class_list":["post-379","page","type-page","status-publish","hentry"],"yoast_head":"<!-- This site is optimized with the Yoast SEO plugin v27.0 - https:\/\/yoast.com\/product\/yoast-seo-wordpress\/ -->\n<title>\u0130stanbul Anadolu - Plazacubes EN<\/title>\n<meta name=\"robots\" content=\"noindex, follow, max-snippet:-1, max-image-preview:large, max-video-preview:-1\" \/>\n<meta property=\"og:locale\" content=\"tr_TR\" \/>\n<meta property=\"og:type\" content=\"article\" \/>\n<meta property=\"og:title\" content=\"\u0130stanbul Anadolu - Plazacubes EN\" \/>\n<meta property=\"og:description\" content=\"\u0130stanbul Anadolu \u0130stanbul Anadolu Yakas\u0131\u2019nda kiral\u0131k ofis mi ar\u0131yorsunuz? Modern ve pop\u00fcler plazalarda kiral\u0131k sanal ofis, g\u00fcnl\u00fck, haftal\u0131k, ayl\u0131k ve [&hellip;]\" \/>\n<meta property=\"og:url\" content=\"https:\/\/staging.plazacubes.com\/en\/istanbul-anadolu\/\" \/>\n<meta property=\"og:site_name\" content=\"Plazacubes EN\" \/>\n<meta property=\"article:modified_time\" content=\"2025-12-09T08:48:32+00:00\" \/>\n<meta name=\"twitter:card\" content=\"summary_large_image\" \/>\n<meta name=\"twitter:label1\" content=\"Tahmini okuma s\u00fcresi\" \/>\n\t<meta name=\"twitter:data1\" content=\"1 dakika\" \/>\n<script type=\"application\/ld+json\" class=\"yoast-schema-graph\">{\"@context\":\"https:\/\/schema.org\",\"@graph\":[{\"@type\":\"WebPage\",\"@id\":\"https:\/\/staging.plazacubes.com\/en\/istanbul-anadolu\/\",\"url\":\"https:\/\/staging.plazacubes.com\/en\/istanbul-anadolu\/\",\"name\":\"\u0130stanbul Anadolu - Plazacubes EN\",\"isPartOf\":{\"@id\":\"https:\/\/staging.plazacubes.com\/en\/#website\"},\"datePublished\":\"2025-08-19T11:57:11+00:00\",\"dateModified\":\"2025-12-09T08:48:32+00:00\",\"breadcrumb\":{\"@id\":\"https:\/\/staging.plazacubes.com\/en\/istanbul-anadolu\/#breadcrumb\"},\"inLanguage\":\"tr\",\"potentialAction\":[{\"@type\":\"ReadAction\",\"target\":[\"https:\/\/staging.plazacubes.com\/en\/istanbul-anadolu\/\"]}]},{\"@type\":\"BreadcrumbList\",\"@id\":\"https:\/\/staging.plazacubes.com\/en\/istanbul-anadolu\/#breadcrumb\",\"itemListElement\":[{\"@type\":\"ListItem\",\"position\":1,\"name\":\"Anasayfa\",\"item\":\"https:\/\/staging.plazacubes.com\/en\/\"},{\"@type\":\"ListItem\",\"position\":2,\"name\":\"\u0130stanbul Anadolu\"}]},{\"@type\":\"WebSite\",\"@id\":\"https:\/\/staging.plazacubes.com\/en\/#website\",\"url\":\"https:\/\/staging.plazacubes.com\/en\/\",\"name\":\"Plazacubes EN\",\"description\":\"\",\"publisher\":{\"@id\":\"https:\/\/staging.plazacubes.com\/en\/#organization\"},\"potentialAction\":[{\"@type\":\"SearchAction\",\"target\":{\"@type\":\"EntryPoint\",\"urlTemplate\":\"https:\/\/staging.plazacubes.com\/en\/?s={search_term_string}\"},\"query-input\":{\"@type\":\"PropertyValueSpecification\",\"valueRequired\":true,\"valueName\":\"search_term_string\"}}],\"inLanguage\":\"tr\"},{\"@type\":\"Organization\",\"@id\":\"https:\/\/staging.plazacubes.com\/en\/#organization\",\"name\":\"Plazacubes EN\",\"url\":\"https:\/\/staging.plazacubes.com\/en\/\",\"logo\":{\"@type\":\"ImageObject\",\"inLanguage\":\"tr\",\"@id\":\"https:\/\/staging.plazacubes.com\/en\/#\/schema\/logo\/image\/\",\"url\":\"https:\/\/staging.plazacubes.com\/en\/wp-content\/uploads\/sites\/2\/2026\/02\/cropped-PC-20.Yil-Seffaf-Arka-Plan.png\",\"contentUrl\":\"https:\/\/staging.plazacubes.com\/en\/wp-content\/uploads\/sites\/2\/2026\/02\/cropped-PC-20.Yil-Seffaf-Arka-Plan.png\",\"width\":1632,\"height\":311,\"caption\":\"Plazacubes EN\"},\"image\":{\"@id\":\"https:\/\/staging.plazacubes.com\/en\/#\/schema\/logo\/image\/\"}}]}<\/script>\n<!-- \/ Yoast SEO plugin. -->","yoast_head_json":{"title":"\u0130stanbul Anadolu - Plazacubes EN","robots":{"index":"noindex","follow":"follow","max-snippet":"max-snippet:-1","max-image-preview":"max-image-preview:large","max-video-preview":"max-video-preview:-1"},"og_locale":"tr_TR","og_type":"article","og_title":"\u0130stanbul Anadolu - Plazacubes EN","og_description":"\u0130stanbul Anadolu \u0130stanbul Anadolu Yakas\u0131\u2019nda kiral\u0131k ofis mi ar\u0131yorsunuz? Modern ve pop\u00fcler plazalarda kiral\u0131k sanal ofis, g\u00fcnl\u00fck, haftal\u0131k, ayl\u0131k ve [&hellip;]","og_url":"https:\/\/staging.plazacubes.com\/en\/istanbul-anadolu\/","og_site_name":"Plazacubes EN","article_modified_time":"2025-12-09T08:48:32+00:00","twitter_card":"summary_large_image","twitter_misc":{"Tahmini okuma s\u00fcresi":"1 dakika"},"schema":{"@context":"https:\/\/schema.org","@graph":[{"@type":"WebPage","@id":"https:\/\/staging.plazacubes.com\/en\/istanbul-anadolu\/","url":"https:\/\/staging.plazacubes.com\/en\/istanbul-anadolu\/","name":"\u0130stanbul Anadolu - Plazacubes EN","isPartOf":{"@id":"https:\/\/staging.plazacubes.com\/en\/#website"},"datePublished":"2025-08-19T11:57:11+00:00","dateModified":"2025-12-09T08:48:32+00:00","breadcrumb":{"@id":"https:\/\/staging.plazacubes.com\/en\/istanbul-anadolu\/#breadcrumb"},"inLanguage":"tr","potentialAction":[{"@type":"ReadAction","target":["https:\/\/staging.plazacubes.com\/en\/istanbul-anadolu\/"]}]},{"@type":"BreadcrumbList","@id":"https:\/\/staging.plazacubes.com\/en\/istanbul-anadolu\/#breadcrumb","itemListElement":[{"@type":"ListItem","position":1,"name":"Anasayfa","item":"https:\/\/staging.plazacubes.com\/en\/"},{"@type":"ListItem","position":2,"name":"\u0130stanbul Anadolu"}]},{"@type":"WebSite","@id":"https:\/\/staging.plazacubes.com\/en\/#website","url":"https:\/\/staging.plazacubes.com\/en\/","name":"Plazacubes EN","description":"","publisher":{"@id":"https:\/\/staging.plazacubes.com\/en\/#organization"},"potentialAction":[{"@type":"SearchAction","target":{"@type":"EntryPoint","urlTemplate":"https:\/\/staging.plazacubes.com\/en\/?s={search_term_string}"},"query-input":{"@type":"PropertyValueSpecification","valueRequired":true,"valueName":"search_term_string"}}],"inLanguage":"tr"},{"@type":"Organization","@id":"https:\/\/staging.plazacubes.com\/en\/#organization","name":"Plazacubes EN","url":"https:\/\/staging.plazacubes.com\/en\/","logo":{"@type":"ImageObject","inLanguage":"tr","@id":"https:\/\/staging.plazacubes.com\/en\/#\/schema\/logo\/image\/","url":"https:\/\/staging.plazacubes.com\/en\/wp-content\/uploads\/sites\/2\/2026\/02\/cropped-PC-20.Yil-Seffaf-Arka-Plan.png","contentUrl":"https:\/\/staging.plazacubes.com\/en\/wp-content\/uploads\/sites\/2\/2026\/02\/cropped-PC-20.Yil-Seffaf-Arka-Plan.png","width":1632,"height":311,"caption":"Plazacubes EN"},"image":{"@id":"https:\/\/staging.plazacubes.com\/en\/#\/schema\/logo\/image\/"}}]}},"uagb_featured_image_src":{"full":false,"thumbnail":false,"medium":false,"medium_large":false,"large":false,"1536x1536":false,"2048x2048":false},"uagb_author_info":{"display_name":"PlazaPanelCubes","author_link":"https:\/\/staging.plazacubes.com\/en\/blog\/author\/plazapanelcubes\/"},"uagb_comment_info":0,"uagb_excerpt":"\u0130stanbul Anadolu \u0130stanbul Anadolu Yakas\u0131\u2019nda kiral\u0131k ofis mi ar\u0131yorsunuz? Modern ve pop\u00fcler plazalarda kiral\u0131k sanal ofis, g\u00fcnl\u00fck, haftal\u0131k, ayl\u0131k ve [&hellip;]","_links":{"self":[{"href":"https:\/\/staging.plazacubes.com\/en\/wp-json\/wp\/v2\/pages\/379","targetHints":{"allow":["GET"]}}],"collection":[{"href":"https:\/\/staging.plazacubes.com\/en\/wp-json\/wp\/v2\/pages"}],"about":[{"href":"https:\/\/staging.plazacubes.com\/en\/wp-json\/wp\/v2\/types\/page"}],"author":[{"embeddable":true,"href":"https:\/\/staging.plazacubes.com\/en\/wp-json\/wp\/v2\/users\/1"}],"replies":[{"embeddable":true,"href":"https:\/\/staging.plazacubes.com\/en\/wp-json\/wp\/v2\/comments?post=379"}],"version-history":[{"count":17,"href":"https:\/\/staging.plazacubes.com\/en\/wp-json\/wp\/v2\/pages\/379\/revisions"}],"predecessor-version":[{"id":2549,"href":"https:\/\/staging.plazacubes.com\/en\/wp-json\/wp\/v2\/pages\/379\/revisions\/2549"}],"wp:attachment":[{"href":"https:\/\/staging.plazacubes.com\/en\/wp-json\/wp\/v2\/media?parent=379"}],"curies":[{"name":"wp","href":"https:\/\/api.w.org\/{rel}","templated":true}]}}