{"id":377,"date":"2025-08-19T14:49:12","date_gmt":"2025-08-19T11:49:12","guid":{"rendered":"http:\/\/staging.plazacubes.com\/en\/?page_id=377"},"modified":"2026-01-26T18:13:23","modified_gmt":"2026-01-26T15:13:23","slug":"istanbul-avrupa","status":"publish","type":"page","link":"https:\/\/staging.plazacubes.com\/en\/istanbul-avrupa\/","title":{"rendered":"\u0130stanbul Avrupa"},"content":{"rendered":"\t\t<div data-elementor-type=\"wp-page\" data-elementor-id=\"377\" class=\"elementor elementor-377\">\n\t\t\t\t\t\t<section class=\"elementor-section elementor-top-section elementor-element elementor-element-m48evj4 elementor-section-content-middle elementor-section-boxed elementor-section-height-default elementor-section-height-default\" data-id=\"m48evj4\" data-element_type=\"section\" data-e-type=\"section\" data-settings=\"{&quot;background_background&quot;:&quot;classic&quot;}\">\n\t\t\t\t\t\t\t<div class=\"elementor-background-overlay\"><\/div>\n\t\t\t\t\t\t\t<div class=\"elementor-container elementor-column-gap-no\">\n\t\t\t\t\t<div class=\"elementor-column elementor-col-100 elementor-top-column elementor-element elementor-element-19be28e\" data-id=\"19be28e\" data-element_type=\"column\" data-e-type=\"column\">\n\t\t\t<div class=\"elementor-widget-wrap elementor-element-populated\">\n\t\t\t\t\t\t<div class=\"elementor-element elementor-element-3935697 elementor-widget elementor-widget-heading\" data-id=\"3935697\" data-element_type=\"widget\" data-e-type=\"widget\" data-widget_type=\"heading.default\">\n\t\t\t\t\t<h2 class=\"elementor-heading-title elementor-size-default\">\u0130stanbul Avrupa<\/h2>\t\t\t\t<\/div>\n\t\t\t\t<div class=\"elementor-element elementor-element-491352d elementor-widget elementor-widget-text-editor\" data-id=\"491352d\" data-element_type=\"widget\" data-e-type=\"widget\" data-widget_type=\"text-editor.default\">\n\t\t\t\t\t\t\t\t\t<p>\u0130stanbul Avrupa Yakas\u0131\u2019nda Prestijli Ofisler Plaza Cubes\u2019ta!<\/p>\n<p>\u0130stanbul\u2019un en \u00f6nemli i\u015f merkezlerinin bulundu\u011fu Avrupa Yakas\u0131\u2019nda, Plaza Cubes ofisleriyle hem konforlu hem de prestijli bir \u00e7al\u0131\u015fma deneyimi sizi bekliyor. Maslak, Levent ve Ka\u011f\u0131thane gibi stratejik lokasyonlardaki ofislerimiz, i\u015f hayat\u0131n\u0131n merkezinde yer alman\u0131z\u0131 sa\u011fl\u0131yor.<\/p>\n<p>Nidakule Levent, Metrocity \u0130\u015f Merkezi, Sun Plaza, \u0130z Plaza Giz ve Papirus Plaza gibi prestijli plazalarda sundu\u011fumuz haz\u0131r ofis, sanal ofis ve toplant\u0131 odas\u0131 \u00e7\u00f6z\u00fcmleri ile ihtiya\u00e7lar\u0131n\u0131za esnek yan\u0131t veriyoruz.<\/p>\n<p>\u0130ster g\u00fcnl\u00fck, ister haftal\u0131k, ister uzun vadeli kiralama se\u00e7enekleriyle; payla\u015f\u0131ml\u0131 ofis alanlar\u0131ndan sabit masa \u00e7\u00f6z\u00fcmlerine kadar farkl\u0131 ihtiya\u00e7lara hitap eden bir\u00e7ok se\u00e7ene\u011fimiz mevcut.<\/p>\n<p>Maslak \u2013 Levent \u2013 Ka\u011f\u0131thane \u2013 Beyo\u011flu gibi merkezi lokasyonlarda i\u015finizi b\u00fcy\u00fctmek ve masraflar\u0131 d\u00fc\u015f\u00fcnmeden \u00e7al\u0131\u015fmak i\u00e7in do\u011fru yerdesiniz.<\/p>\n<p>Hemen ileti\u015fim formunu doldurun, sizi arayal\u0131m!<\/p>\t\t\t\t\t\t\t\t<\/div>\n\t\t\t\t\t<\/div>\n\t\t<\/div>\n\t\t\t\t\t<\/div>\n\t\t<\/section>\n\t\t<div class=\"elementor-element elementor-element-32719045 e-flex e-con-boxed e-con e-parent\" data-id=\"32719045\" data-element_type=\"container\" data-e-type=\"container\">\n\t\t\t\t\t<div class=\"e-con-inner\">\n\t\t\t\t<div class=\"elementor-element elementor-element-2ed0d851 elementor-widget elementor-widget-text-editor\" data-id=\"2ed0d851\" data-element_type=\"widget\" data-e-type=\"widget\" data-widget_type=\"text-editor.default\">\n\t\t\t\t\t\t\t\t\t\n<style>\r\n\t#wpsl-stores, #wpsl-direction-details, #wpsl-gmap {height:350px !important;}\r\n\t#wpsl-gmap .wpsl-info-window {max-width:225px !important;}\r\n\t.wpsl-input label, #wpsl-radius label, #wpsl-category label {width:95px;}\r\n\t#wpsl-search-input  {width:179px;}\r\n<\/style>\r\n<div id=\"wpsl-wrap\">\r\n\t<div class=\"wpsl-search wpsl-clearfix wpsl-no-filters\">\r\n\t\t<div id=\"wpsl-search-wrap\">\r\n\t\t\t<form autocomplete=\"off\">\r\n\t\t\t<div class=\"wpsl-input\">\r\n\t\t\t\t<div><label for=\"wpsl-search-input\">Your location<\/label><\/div>\r\n\t\t\t\t<input id=\"wpsl-search-input\" type=\"text\" value=\"\" name=\"wpsl-search-input\" placeholder=\"\" aria-required=\"true\" \/>\r\n\t\t\t<\/div>\r\n\t\t\t\t<div class=\"wpsl-search-btn-wrap\"><input id=\"wpsl-search-btn\" type=\"submit\" value=\"Search\"><\/div>\r\n\t\t<\/form>\r\n\t\t<\/div>\r\n\t<\/div>\r\n\t<div id=\"wpsl-gmap\" class=\"wpsl-gmap-canvas\"><\/div>\r\n\t<div id=\"wpsl-result-list\">\r\n\t\t<div id=\"wpsl-stores\" >\r\n\t\t\t<ul><\/ul>\r\n\t\t<\/div>\r\n\t\t<div id=\"wpsl-direction-details\">\r\n\t\t\t<ul><\/ul>\r\n\t\t<\/div>\r\n\t<\/div>\r\n<\/div>\r\n\n\t\t\t\t\t\t\t\t<\/div>\n\t\t\t\t\t<\/div>\n\t\t\t\t<\/div>\n\t\t\t\t<\/div>\n\t\t","protected":false},"excerpt":{"rendered":"<p>\u0130stanbul Avrupa \u0130stanbul Avrupa Yakas\u0131\u2019nda Prestijli Ofisler Plaza Cubes\u2019ta! \u0130stanbul\u2019un en \u00f6nemli i\u015f merkezlerinin bulundu\u011fu Avrupa Yakas\u0131\u2019nda, Plaza Cubes ofisleriyle [&hellip;]<\/p>\n","protected":false},"author":1,"featured_media":0,"parent":0,"menu_order":0,"comment_status":"closed","ping_status":"closed","template":"","meta":{"_uag_custom_page_level_css":"","site-sidebar-layout":"default","site-content-layout":"","ast-site-content-layout":"default","site-content-style":"default","site-sidebar-style":"default","ast-global-header-display":"","ast-banner-title-visibility":"","ast-main-header-display":"","ast-hfb-above-header-display":"","ast-hfb-below-header-display":"","ast-hfb-mobile-header-display":"","site-post-title":"disabled","ast-breadcrumbs-content":"","ast-featured-img":"","footer-sml-layout":"","ast-disable-related-posts":"","theme-transparent-header-meta":"","adv-header-id-meta":"","stick-header-meta":"","header-above-stick-meta":"","header-main-stick-meta":"","header-below-stick-meta":"","astra-migrate-meta-layouts":"default","ast-page-background-enabled":"default","ast-page-background-meta":{"desktop":{"background-color":"var(--ast-global-color-5)","background-image":"","background-repeat":"repeat","background-position":"center center","background-size":"auto","background-attachment":"scroll","background-type":"","background-media":"","overlay-type":"","overlay-color":"","overlay-opacity":"","overlay-gradient":""},"tablet":{"background-color":"","background-image":"","background-repeat":"repeat","background-position":"center center","background-size":"auto","background-attachment":"scroll","background-type":"","background-media":"","overlay-type":"","overlay-color":"","overlay-opacity":"","overlay-gradient":""},"mobile":{"background-color":"","background-image":"","background-repeat":"repeat","background-position":"center center","background-size":"auto","background-attachment":"scroll","background-type":"","background-media":"","overlay-type":"","overlay-color":"","overlay-opacity":"","overlay-gradient":""}},"ast-content-background-meta":{"desktop":{"background-color":"var(--ast-global-color-4)","background-image":"","background-repeat":"repeat","background-position":"center center","background-size":"auto","background-attachment":"scroll","background-type":"","background-media":"","overlay-type":"","overlay-color":"","overlay-opacity":"","overlay-gradient":""},"tablet":{"background-color":"var(--ast-global-color-4)","background-image":"","background-repeat":"repeat","background-position":"center center","background-size":"auto","background-attachment":"scroll","background-type":"","background-media":"","overlay-type":"","overlay-color":"","overlay-opacity":"","overlay-gradient":""},"mobile":{"background-color":"var(--ast-global-color-4)","background-image":"","background-repeat":"repeat","background-position":"center center","background-size":"auto","background-attachment":"scroll","background-type":"","background-media":"","overlay-type":"","overlay-color":"","overlay-opacity":"","overlay-gradient":""}},"footnotes":""},"class_list":["post-377","page","type-page","status-publish","hentry"],"yoast_head":"<!-- This site is optimized with the Yoast SEO plugin v27.0 - https:\/\/yoast.com\/product\/yoast-seo-wordpress\/ -->\n<title>\u0130stanbul Avrupa - Plazacubes EN<\/title>\n<meta name=\"robots\" content=\"noindex, follow, max-snippet:-1, max-image-preview:large, max-video-preview:-1\" \/>\n<meta property=\"og:locale\" content=\"tr_TR\" \/>\n<meta property=\"og:type\" content=\"article\" \/>\n<meta property=\"og:title\" content=\"\u0130stanbul Avrupa - Plazacubes EN\" \/>\n<meta property=\"og:description\" content=\"\u0130stanbul Avrupa \u0130stanbul Avrupa Yakas\u0131\u2019nda Prestijli Ofisler Plaza Cubes\u2019ta! \u0130stanbul\u2019un en \u00f6nemli i\u015f merkezlerinin bulundu\u011fu Avrupa Yakas\u0131\u2019nda, Plaza Cubes ofisleriyle [&hellip;]\" \/>\n<meta property=\"og:url\" content=\"https:\/\/staging.plazacubes.com\/en\/istanbul-avrupa\/\" \/>\n<meta property=\"og:site_name\" content=\"Plazacubes EN\" \/>\n<meta property=\"article:modified_time\" content=\"2026-01-26T15:13:23+00:00\" \/>\n<meta name=\"twitter:card\" content=\"summary_large_image\" \/>\n<meta name=\"twitter:label1\" content=\"Tahmini okuma s\u00fcresi\" \/>\n\t<meta name=\"twitter:data1\" content=\"1 dakika\" \/>\n<script type=\"application\/ld+json\" class=\"yoast-schema-graph\">{\"@context\":\"https:\/\/schema.org\",\"@graph\":[{\"@type\":\"WebPage\",\"@id\":\"https:\/\/staging.plazacubes.com\/en\/istanbul-avrupa\/\",\"url\":\"https:\/\/staging.plazacubes.com\/en\/istanbul-avrupa\/\",\"name\":\"\u0130stanbul Avrupa - Plazacubes EN\",\"isPartOf\":{\"@id\":\"https:\/\/staging.plazacubes.com\/en\/#website\"},\"datePublished\":\"2025-08-19T11:49:12+00:00\",\"dateModified\":\"2026-01-26T15:13:23+00:00\",\"breadcrumb\":{\"@id\":\"https:\/\/staging.plazacubes.com\/en\/istanbul-avrupa\/#breadcrumb\"},\"inLanguage\":\"tr\",\"potentialAction\":[{\"@type\":\"ReadAction\",\"target\":[\"https:\/\/staging.plazacubes.com\/en\/istanbul-avrupa\/\"]}]},{\"@type\":\"BreadcrumbList\",\"@id\":\"https:\/\/staging.plazacubes.com\/en\/istanbul-avrupa\/#breadcrumb\",\"itemListElement\":[{\"@type\":\"ListItem\",\"position\":1,\"name\":\"Anasayfa\",\"item\":\"https:\/\/staging.plazacubes.com\/en\/\"},{\"@type\":\"ListItem\",\"position\":2,\"name\":\"\u0130stanbul Avrupa\"}]},{\"@type\":\"WebSite\",\"@id\":\"https:\/\/staging.plazacubes.com\/en\/#website\",\"url\":\"https:\/\/staging.plazacubes.com\/en\/\",\"name\":\"Plazacubes EN\",\"description\":\"\",\"publisher\":{\"@id\":\"https:\/\/staging.plazacubes.com\/en\/#organization\"},\"potentialAction\":[{\"@type\":\"SearchAction\",\"target\":{\"@type\":\"EntryPoint\",\"urlTemplate\":\"https:\/\/staging.plazacubes.com\/en\/?s={search_term_string}\"},\"query-input\":{\"@type\":\"PropertyValueSpecification\",\"valueRequired\":true,\"valueName\":\"search_term_string\"}}],\"inLanguage\":\"tr\"},{\"@type\":\"Organization\",\"@id\":\"https:\/\/staging.plazacubes.com\/en\/#organization\",\"name\":\"Plazacubes EN\",\"url\":\"https:\/\/staging.plazacubes.com\/en\/\",\"logo\":{\"@type\":\"ImageObject\",\"inLanguage\":\"tr\",\"@id\":\"https:\/\/staging.plazacubes.com\/en\/#\/schema\/logo\/image\/\",\"url\":\"https:\/\/staging.plazacubes.com\/en\/wp-content\/uploads\/sites\/2\/2026\/02\/cropped-PC-20.Yil-Seffaf-Arka-Plan.png\",\"contentUrl\":\"https:\/\/staging.plazacubes.com\/en\/wp-content\/uploads\/sites\/2\/2026\/02\/cropped-PC-20.Yil-Seffaf-Arka-Plan.png\",\"width\":1632,\"height\":311,\"caption\":\"Plazacubes EN\"},\"image\":{\"@id\":\"https:\/\/staging.plazacubes.com\/en\/#\/schema\/logo\/image\/\"}}]}<\/script>\n<!-- \/ Yoast SEO plugin. -->","yoast_head_json":{"title":"\u0130stanbul Avrupa - Plazacubes EN","robots":{"index":"noindex","follow":"follow","max-snippet":"max-snippet:-1","max-image-preview":"max-image-preview:large","max-video-preview":"max-video-preview:-1"},"og_locale":"tr_TR","og_type":"article","og_title":"\u0130stanbul Avrupa - Plazacubes EN","og_description":"\u0130stanbul Avrupa \u0130stanbul Avrupa Yakas\u0131\u2019nda Prestijli Ofisler Plaza Cubes\u2019ta! \u0130stanbul\u2019un en \u00f6nemli i\u015f merkezlerinin bulundu\u011fu Avrupa Yakas\u0131\u2019nda, Plaza Cubes ofisleriyle [&hellip;]","og_url":"https:\/\/staging.plazacubes.com\/en\/istanbul-avrupa\/","og_site_name":"Plazacubes EN","article_modified_time":"2026-01-26T15:13:23+00:00","twitter_card":"summary_large_image","twitter_misc":{"Tahmini okuma s\u00fcresi":"1 dakika"},"schema":{"@context":"https:\/\/schema.org","@graph":[{"@type":"WebPage","@id":"https:\/\/staging.plazacubes.com\/en\/istanbul-avrupa\/","url":"https:\/\/staging.plazacubes.com\/en\/istanbul-avrupa\/","name":"\u0130stanbul Avrupa - Plazacubes EN","isPartOf":{"@id":"https:\/\/staging.plazacubes.com\/en\/#website"},"datePublished":"2025-08-19T11:49:12+00:00","dateModified":"2026-01-26T15:13:23+00:00","breadcrumb":{"@id":"https:\/\/staging.plazacubes.com\/en\/istanbul-avrupa\/#breadcrumb"},"inLanguage":"tr","potentialAction":[{"@type":"ReadAction","target":["https:\/\/staging.plazacubes.com\/en\/istanbul-avrupa\/"]}]},{"@type":"BreadcrumbList","@id":"https:\/\/staging.plazacubes.com\/en\/istanbul-avrupa\/#breadcrumb","itemListElement":[{"@type":"ListItem","position":1,"name":"Anasayfa","item":"https:\/\/staging.plazacubes.com\/en\/"},{"@type":"ListItem","position":2,"name":"\u0130stanbul Avrupa"}]},{"@type":"WebSite","@id":"https:\/\/staging.plazacubes.com\/en\/#website","url":"https:\/\/staging.plazacubes.com\/en\/","name":"Plazacubes EN","description":"","publisher":{"@id":"https:\/\/staging.plazacubes.com\/en\/#organization"},"potentialAction":[{"@type":"SearchAction","target":{"@type":"EntryPoint","urlTemplate":"https:\/\/staging.plazacubes.com\/en\/?s={search_term_string}"},"query-input":{"@type":"PropertyValueSpecification","valueRequired":true,"valueName":"search_term_string"}}],"inLanguage":"tr"},{"@type":"Organization","@id":"https:\/\/staging.plazacubes.com\/en\/#organization","name":"Plazacubes EN","url":"https:\/\/staging.plazacubes.com\/en\/","logo":{"@type":"ImageObject","inLanguage":"tr","@id":"https:\/\/staging.plazacubes.com\/en\/#\/schema\/logo\/image\/","url":"https:\/\/staging.plazacubes.com\/en\/wp-content\/uploads\/sites\/2\/2026\/02\/cropped-PC-20.Yil-Seffaf-Arka-Plan.png","contentUrl":"https:\/\/staging.plazacubes.com\/en\/wp-content\/uploads\/sites\/2\/2026\/02\/cropped-PC-20.Yil-Seffaf-Arka-Plan.png","width":1632,"height":311,"caption":"Plazacubes EN"},"image":{"@id":"https:\/\/staging.plazacubes.com\/en\/#\/schema\/logo\/image\/"}}]}},"uagb_featured_image_src":{"full":false,"thumbnail":false,"medium":false,"medium_large":false,"large":false,"1536x1536":false,"2048x2048":false},"uagb_author_info":{"display_name":"PlazaPanelCubes","author_link":"https:\/\/staging.plazacubes.com\/en\/blog\/author\/plazapanelcubes\/"},"uagb_comment_info":0,"uagb_excerpt":"\u0130stanbul Avrupa \u0130stanbul Avrupa Yakas\u0131\u2019nda Prestijli Ofisler Plaza Cubes\u2019ta! \u0130stanbul\u2019un en \u00f6nemli i\u015f merkezlerinin bulundu\u011fu Avrupa Yakas\u0131\u2019nda, Plaza Cubes ofisleriyle [&hellip;]","_links":{"self":[{"href":"https:\/\/staging.plazacubes.com\/en\/wp-json\/wp\/v2\/pages\/377","targetHints":{"allow":["GET"]}}],"collection":[{"href":"https:\/\/staging.plazacubes.com\/en\/wp-json\/wp\/v2\/pages"}],"about":[{"href":"https:\/\/staging.plazacubes.com\/en\/wp-json\/wp\/v2\/types\/page"}],"author":[{"embeddable":true,"href":"https:\/\/staging.plazacubes.com\/en\/wp-json\/wp\/v2\/users\/1"}],"replies":[{"embeddable":true,"href":"https:\/\/staging.plazacubes.com\/en\/wp-json\/wp\/v2\/comments?post=377"}],"version-history":[{"count":41,"href":"https:\/\/staging.plazacubes.com\/en\/wp-json\/wp\/v2\/pages\/377\/revisions"}],"predecessor-version":[{"id":38279,"href":"https:\/\/staging.plazacubes.com\/en\/wp-json\/wp\/v2\/pages\/377\/revisions\/38279"}],"wp:attachment":[{"href":"https:\/\/staging.plazacubes.com\/en\/wp-json\/wp\/v2\/media?parent=377"}],"curies":[{"name":"wp","href":"https:\/\/api.w.org\/{rel}","templated":true}]}}